{"id":75,"date":"2020-11-20T10:43:09","date_gmt":"2020-11-20T09:43:09","guid":{"rendered":"https:\/\/tsps.org.pl\/?page_id=75"},"modified":"2022-09-15T11:05:07","modified_gmt":"2022-09-15T09:05:07","slug":"wladze-statutowe","status":"publish","type":"page","link":"https:\/\/tsps.org.pl\/?page_id=75","title":{"rendered":"W\u0142adze statutowe"},"content":{"rendered":"<h3><span style=\"color: #000000;\"><strong>W\u0142adz\u0119 wykonawcz\u0105 Stowarzyszenia stanowi Zarz\u0105d Regionalny, kt\u00f3ry w aktualnej kadencji powo\u0142a\u0142 swoje sta\u0142e Prezydium w sk\u0142adzie:<\/strong><\/span><\/h3>\n<h4><span style=\"color: #000000;\">Dorota Mas\u0142owska &#8211; przewodnicz\u0105ca<\/span><br \/>\n<span style=\"color: #000000;\">Edmund Rydzewski &#8211; wiceprzewodnicz\u0105cy<\/span><br \/>\n<span style=\"color: #000000;\">Szychta Gra\u017cyna &#8211; wiceprzewodnicz\u0105ca<\/span><br \/>\n<span style=\"color: #000000;\">Zbigniew Nowak &#8211; sekretarz<\/span><br \/>\n<span style=\"color: #000000;\">J\u00f3zef Korman &#8211; skarbnik<\/span><br \/>\n<span style=\"color: #000000;\">Jolanta Szkopi\u0144ska &#8211; cz\u0142onek<\/span><br \/>\n<span style=\"color: #000000;\">Anna Welka &#8211; cz\u0142onek<\/span><\/h4>\n<h4><span style=\"color: #000000;\">Organ nadzoru stanowi Komisja Rewizyjna w sk\u0142adzie:<\/span><\/h4>\n<h4><span style=\"color: #000000;\">Krystyna Karpi\u0144ska &#8211; przewodnicz\u0105ca<br \/>\nDorota G\u0142adkowska &#8211; cz\u0142onek<br \/>\nMa\u0142gorzata Wierzbowska- cz\u0142onek<br \/>\nWaldemar Wieczorkowski &#8211; cz\u0142onek<br \/>\nJerzy Zakrzewski &#8211; cz\u0142onek<\/span><\/h4>\n","protected":false},"excerpt":{"rendered":"<p>W\u0142adz\u0119 wykonawcz\u0105 Stowarzyszenia stanowi Zarz\u0105d Regionalny, kt\u00f3ry w aktualnej kadencji powo\u0142a\u0142 swoje sta\u0142e Prezydium w sk\u0142adzie: Dorota Mas\u0142owska &#8211; przewodnicz\u0105ca Edmund Rydzewski &#8211; wiceprzewodnicz\u0105cy Szychta Gra\u017cyna &#8211; wiceprzewodnicz\u0105ca Zbigniew Nowak &#8211; sekretarz J\u00f3zef Korman &#8211; skarbnik Jolanta Szkopi\u0144ska &#8211; cz\u0142onek Anna Welka &#8211; cz\u0142onek Organ nadzoru stanowi Komisja Rewizyjna w sk\u0142adzie: Krystyna Karpi\u0144ska &#8211; przewodnicz\u0105ca [&hellip;]<\/p>\n","protected":false},"author":1,"featured_media":0,"parent":0,"menu_order":0,"comment_status":"closed","ping_status":"closed","template":"","meta":{"footnotes":""},"class_list":["post-75","page","type-page","status-publish","hentry"],"_links":{"self":[{"href":"https:\/\/tsps.org.pl\/index.php?rest_route=\/wp\/v2\/pages\/75","targetHints":{"allow":["GET"]}}],"collection":[{"href":"https:\/\/tsps.org.pl\/index.php?rest_route=\/wp\/v2\/pages"}],"about":[{"href":"https:\/\/tsps.org.pl\/index.php?rest_route=\/wp\/v2\/types\/page"}],"author":[{"embeddable":true,"href":"https:\/\/tsps.org.pl\/index.php?rest_route=\/wp\/v2\/users\/1"}],"replies":[{"embeddable":true,"href":"https:\/\/tsps.org.pl\/index.php?rest_route=%2Fwp%2Fv2%2Fcomments&post=75"}],"version-history":[{"count":5,"href":"https:\/\/tsps.org.pl\/index.php?rest_route=\/wp\/v2\/pages\/75\/revisions"}],"predecessor-version":[{"id":455,"href":"https:\/\/tsps.org.pl\/index.php?rest_route=\/wp\/v2\/pages\/75\/revisions\/455"}],"wp:attachment":[{"href":"https:\/\/tsps.org.pl\/index.php?rest_route=%2Fwp%2Fv2%2Fmedia&parent=75"}],"curies":[{"name":"wp","href":"https:\/\/api.w.org\/{rel}","templated":true}]}}