{"id":61,"date":"2020-11-20T10:29:30","date_gmt":"2020-11-20T09:29:30","guid":{"rendered":"https:\/\/tsps.org.pl\/?page_id=61"},"modified":"2020-11-23T10:22:22","modified_gmt":"2020-11-23T09:22:22","slug":"historia-tsps","status":"publish","type":"page","link":"https:\/\/tsps.org.pl\/?page_id=61","title":{"rendered":"Historia TSPS"},"content":{"rendered":"\n<h2 class=\"has-text-align-center has-black-color has-text-color wp-block-heading\" style=\"font-size:32px\"><strong>Toru\u0144skie Stowarzyszenie Pomocy Szkole<\/strong> <\/h2>\n\n\n\n<h2 class=\"has-text-align-center has-black-color has-text-color wp-block-heading\" style=\"font-size:32px\"><strong>Zarz\u0105d Regionalny <\/strong><\/h2>\n\n\n\n<h2 class=\"wp-block-heading\"><\/h2>\n\n\n\n<p class=\"has-black-color has-text-color\" style=\"font-size:21px\"><strong>10.10.1989<\/strong>&nbsp;&#8211;&nbsp; Odby\u0142o si\u0119 zebranie grupy inicjatywnej, na kt\u00f3rym podj\u0119to&nbsp; decyzj\u0119 o utworzeniu&nbsp;&nbsp; stowarzyszenia oraz powo\u0142ano Komitet Za\u0142o\u017cycielski Toru\u0144skiego Stowarzyszenia Narodowego Czynu Pomocy Szkole, kt\u00f3remu powierzono przygotowanie i przeprowadzenie&nbsp; rejestracji . &nbsp;<\/p>\n\n\n\n<p class=\"has-black-color has-text-color\" style=\"font-size:21px\"> <strong>21.11.1989<\/strong>&nbsp;&#8211;&nbsp; S\u0105d Wojew\u00f3dzki w Toruniu na podstawie Ust. z dnia 7 kwietnia 1989 r. prawo o stowarzyszeniach podejmuje decyzj\u0119 o wpisaniu&nbsp; Toru\u0144skiego Stowarzyszenia&nbsp; NCPS do oficjalnego rejestru&nbsp; jako nowej organizacji pozarz\u0105dowej o pe\u0142nej samodzielno\u015bci programowej, organizacyjnej i finansowej. &nbsp; <\/p>\n\n\n\n<p class=\"has-black-color has-text-color\" style=\"font-size:21px\"><strong>15.12.1990<\/strong>&nbsp;&#8211;&nbsp; I Walne Zebranie Cz\u0142onk\u00f3w TS NCPS, kt\u00f3re dokonuje wyboru w\u0142adz statutowych stowarzyszenia, uchwala program i podejmuje decyzj\u0119 o zmianie nazwy na&nbsp;<strong>Toru\u0144skie Stowarzyszenie Pomocy Szkole<\/strong>. &nbsp; <\/p>\n\n\n\n<p class=\"has-black-color has-text-color\" style=\"font-size:21px\"><strong>1991 &#8211; 1995 &#8211;&nbsp;&nbsp;<\/strong>TSPS w pocz\u0105tkowym okresie swojego dzia\u0142ania w g\u0142\u00f3wnej mierzekoncentruje si\u0119 na popularyzowaniu idei pomocy szkole, budowaniu&nbsp;&nbsp; spo\u0142ecznego poparcia dla&nbsp; dzia\u0142a\u0144 na rzecz o\u015bwiatowy, organizowaniu zbi\u00f3rek publicznych i przekazywaniu rzeczowej i finansowej pomocy. &nbsp; <\/p>\n\n\n\n<p class=\"has-black-color has-text-color\" style=\"font-size:21px\"><strong>1.09.1996&nbsp;<\/strong>&#8211;&nbsp; Stowarzyszenie poszerza swoje dotychczasowe formy dzia\u0142a\u0144&nbsp;&nbsp;&nbsp; zwi\u0105zane z organizowaniem i niesieniem pomocy&nbsp; szko\u0142om o now\u0105 dziedzin\u0119. Otwarta zostaje pierwsza szko\u0142a dla doros\u0142ych &#8211; Technikum Odzie\u017cowe Wieczorowe, kt\u00f3re&nbsp; zapocz\u0105tkowa\u0142o nadal kontynuowan\u0105 i stale poszerzan\u0105 dzia\u0142alno\u015b\u0107 o\u015bwiatow\u0105. &nbsp; <\/p>\n\n\n\n<p class=\"has-black-color has-text-color\" style=\"font-size:21px\"><strong>1.09.1998-&nbsp;&nbsp;<\/strong>TSPS powi\u0119ksza swoj\u0105 ofert\u0119 edukacyjn\u0105 o&nbsp;&nbsp; formy szkolenia kursowego dla doros\u0142ych. Powstaje kolejna plac\u00f3wka &#8211; O\u015brodek Szkolenia BHP. &nbsp; <\/p>\n\n\n\n<p class=\"has-black-color has-text-color\" style=\"font-size:21px\"><strong>17.07.2002 &#8211;&nbsp;&nbsp;<\/strong>W nast\u0119pstwie wprowadzonych zmian ustawowych S\u0105d Rejonowy w Toruniu, VII Wydzia\u0142 Gospodarczy, podejmuje decyzj\u0119 i dokonuje wpisu&nbsp; Toru\u0144skiego&nbsp; Stowarzyszenia&nbsp; Pomocy Szkole&nbsp; do nowoutworzonego Krajowego Rejestru S\u0105dowego ( Rejestr Stowarzysze\u0144, innych organizacji spo\u0142ecznych i zawodowych, fundacji oraz publicznych zak\u0142ad\u00f3w opieki zdrowotnej )&nbsp;&nbsp;<strong>podnumerem 0000121592<\/strong>. &nbsp;<\/p>\n\n\n\n<p class=\"has-black-color has-text-color\" style=\"font-size:21px\"> <strong>2.09.2004<\/strong>&nbsp;&#8211;&nbsp;&nbsp; W siedzibie Galerii i O\u015brodka Plastycznej Tw\u00f3rczo\u015bci Dziecka w Toruniu otwarta zostaje wystawa pod nazw\u0105 \u201eKredk\u0105 i ig\u0142\u0105\u201d, na kt\u00f3rej zaprezentowano projekty plastyczne modele ubior\u00f3w s\u0142uchaczy Policealnego Studium Projektowania i Konfekcjonowania Odzie\u017cy oraz Technikum Odzie\u017cowego. &nbsp; <\/p>\n\n\n\n<p class=\"has-black-color has-text-color\" style=\"font-size:21px\"><strong>14.10.2005 &#8211;&nbsp;&nbsp;<\/strong>W podzi\u0119kowaniu za wspieranie toru\u0144skiej o\u015bwiaty Prezydent Miasta Torunia&nbsp;&nbsp; wyr\u00f3\u017cni\u0142 Toru\u0144skie Stowarzyszenie Pomocy Szkole nagrod\u0105 w postaci&nbsp;&nbsp; statuetki symbolicznego anio\u0142a b\u0119d\u0105cego cz\u0119\u015bci\u0105 sk\u0142adow\u0105 herbu miasta. <\/p>\n\n\n\n<p class=\"has-black-color has-text-color\" style=\"font-size:21px\"><strong>29.11.2006<\/strong>&nbsp;-TSPS jako organ za\u0142o\u017cycielski powo\u0142a\u0142 kolejn\u0105 plac\u00f3wk\u0119 szkoleniow\u0105. Rozpocz\u0119\u0142o Rozpocz\u0119\u0142o dzia\u0142alno\u015b\u0107 dzia\u0142alno\u015b\u0107 Centrum Kszta\u0142cenia Zawodowego \u201eGASTROHTUR\u201d,&nbsp; plac\u00f3wka<br>kszta\u0142cenia ustawicznego, wpisana do ewidencji szk\u00f3\u0142 i plac\u00f3wek niepublicznych prowadzonej przez Prezydenta Miasta Torunia ( nr 323 ). <\/p>\n\n\n\n<p class=\"has-black-color has-text-color\" style=\"font-size:21px\"><strong>16-17.03.2007<\/strong>&nbsp;&#8211; Aktywny udzia\u0142 cz\u0142onk\u00f3w stowarzyszenia w XIII Og\u00f3lnopolskiej Sesji Pedagogicznej pt. \u201eSzko\u0142a przyjazna uczniom\u201d oraz imprezach towarzysz\u0105cych:&nbsp; Gali Laureat\u00f3w Konkursu Plastycznego,&nbsp; Krajowych Targach Ksi\u0105\u017cki Szkolnej organizowanych przez&nbsp; KSPS. w Warszawie.<br>W tym samym miesi\u0105cu odby\u0142 si\u0119 w Toruniu Festiwal Edukacji Przedszkolnej \u201eFenomen Wieku Przedszkolnego\u201d, kt\u00f3ry&nbsp; organizowa\u0142o Stowarzyszenie Edukacji Przedszkolnej \u201eInicjatywa i Tw\u00f3rczo\u015b\u0107\u201d. TSPS&nbsp; wspiera\u0142 to przedsi\u0119wzi\u0119cie konkretn\u0105 pomoc\u0105 finansow\u0105.<br>Wymienione&nbsp; wydarzenia stanowi\u0105 przyk\u0142ad wsp\u00f3\u0142dzia\u0142ania z innymi pokrewnymi stowarzyszeniami dzia\u0142aj\u0105cymi w kraju i&nbsp; lokalnie.&nbsp; <\/p>\n\n\n\n<p class=\"has-black-color has-text-color\" style=\"font-size:21px\"><strong>06.04.2007 &#8211;&nbsp;<\/strong>postanowieniem S\u0105du Rejonowego w Toruniu&nbsp; Toru\u0144skie Stowarzyszenie Pomocy Szkole uzyskuje&nbsp;&nbsp;<strong>status organizacji po\u017cytku publicznego.<\/strong><\/p>\n\n\n\n<p style=\"font-size:21px\"><strong>12-13.04.200<\/strong>7-&nbsp; Targi Wydawnictw i Szkolnej Promocji Edukacyjnej w Toruniu&nbsp;\u201eEMICO 2007\u201d. TSPS wyr\u00f3\u017cnione dyplomem za III miejsce w kategorii najciekawszej prezentacji szko\u0142y.<\/p>\n\n\n\n<p class=\"has-black-color has-text-color\" style=\"font-size:21px\"><strong>XI.2007<\/strong>&nbsp;&#8211; Wykorzystuj\u0105c uzyskane uprawnienia organizacji po\u017cytku publicznego stowarzyszenie podj\u0119\u0142o i zako\u0144czy\u0142o przygotowania zwi\u0105zane z rozpocz\u0119ciem od nowego roku kalendarzowego akcji pod has\u0142em&nbsp;\u201e1% odpisu na&nbsp; cele o\u015bwiatowe.\u201d&nbsp; W ten spos\u00f3b poszerzono dotychczasowe wieloletnie starania o sta\u0142e zwi\u0119kszanie \u015brodk\u00f3w przeznaczonych na&nbsp; wspieranie o\u015bwiaty w regionie. <\/p>\n\n\n\n<p class=\"has-black-color has-text-color\" style=\"font-size:21px\"><strong>III. 2008<\/strong>&nbsp;&#8211; Dokonano podsumowania przebiegu pierwszych kilku miesi\u0119cy&nbsp;&nbsp;&nbsp; akcji \u201eodpisu&nbsp; 1% od podatku na cele o\u015bwiatowe.\u201d&nbsp; Darczy\u0144cy scedowali na rzecz TSPS \u0142\u0105czn\u0105 kwot\u0119 169.582,12 z\u0142. Z pomocy w formie darowizn skorzysta\u0142y 92 plac\u00f3wki o\u015bwiatowe.<\/p>\n\n\n\n<p class=\"has-black-color has-text-color\" style=\"font-size:21px\"> <strong>19-20.03.2009<\/strong>&nbsp;&#8211;&nbsp; Przedstawiciele TSPS uczestniczyli w XV Og\u00f3lnopolskiej Sesji Pedagogicznej dla dyrektor\u00f3w szk\u00f3\u0142 zrzeszonych w Klubie Przoduj\u0105cych Szk\u00f3\u0142 KSPS oraz&nbsp;&nbsp; w XI Targach Edukacyjnych w Krakowie. Uczestnictwo pozwoli\u0142o pozna\u0107 aktualne trendy edukacyjne propaguj\u0105ce szko\u0142\u0119 nowoczesn\u0105, przyjazn\u0105 i skuteczn\u0105, problematyk\u0119 j\u0119zyka podr\u0119cznik\u00f3w szkolnych, wyzwa\u0144 edukacyjnych&nbsp; pocz\u0105tku XXI wieku,&nbsp; formy&nbsp; promocji szk\u00f3\u0142 oraz najnowsz\u0105 ofert\u0105 wydawnicz\u0105 wydawc\u00f3w ksi\u0105\u017cki edukacyjnej. &nbsp; <\/p>\n\n\n\n<p class=\"has-black-color has-text-color\" style=\"font-size:21px\"><strong>31.08.2009<\/strong>&nbsp;&#8211; Stowarzyszenie zmienia swoj\u0105 dotychczasow\u0105 siedzib\u0119. W zwi\u0105zku z podj\u0119ciem przez w\u0142adze miasta decyzji o wygaszeniu Zespo\u0142u Szk\u00f3\u0142 Odzie\u017cowych&nbsp; Zarz\u0105d Regionalny TSPS uzyskuje nowe pomieszczenia w obiekcie po by\u0142ych warsztatach szkolnych przy ul. J\u0119czmiennej nr 10.&nbsp; &nbsp; <\/p>\n\n\n\n<p class=\"has-black-color has-text-color\" style=\"font-size:21px\"><strong>15. X. 2010<\/strong>&nbsp;&#8211;&nbsp; Technikum Budowlane w Grudzi\u0105dzu, b\u0119d\u0105ce cz\u0119\u015bci\u0105 sk\u0142adow\u0105 Zespo\u0142u Szk\u00f3\u0142 Budowlanych i Plastycznych, zostaje przyj\u0119te do Klubu Przoduj\u0105cych Szk\u00f3\u0142 przy Krajowym Stowarzyszeniu Pomocy Szkole, co skutkuje&nbsp; powi\u0119kszeniem grona szk\u00f3\u0142 klubowych w regionie do 22 plac\u00f3wek, nad kt\u00f3rymi zgodnie z porozumieniem zawartym z Krajowym Stowarzyszeniem pomocy Szkole nasze&nbsp; stowarzyszenie&nbsp; sprawuje lokaln\u0105 opiek\u0119 i od wielu lat wsp\u00f3\u0142dzia\u0142a. &nbsp; <\/p>\n\n\n\n<p class=\"has-black-color has-text-color\" style=\"font-size:21px\"><strong>22-23.X.2010&nbsp;<\/strong>&#8211; TSPS wsp\u00f3\u0142organizuje w Toruniu wraz&nbsp; z Krajowym Stowarzyszeniem Pomocy Szkole XVI Og\u00f3lnopolsk\u0105 Sesj\u0119 Pedagogiczn\u0105 oraz imprezy towarzysz\u0105ce dla dyrektor\u00f3w i nauczycieli szk\u00f3\u0142 zrzeszonych w Klubie Przoduj\u0105cych Szk\u00f3\u0142 na temat \u201eTelewizja, radio, internet &#8230; a mo\u017ce jednak i ksi\u0105\u017cka?\u201d Sesja i imprezy towarzysz\u0105ce by\u0142y cz\u0119\u015bci\u0105 programu obchod\u00f3w 30 rocznicy powstania Szko\u0142y Podstawowej nr 8 w Toruniu. &nbsp;<\/p>\n\n\n\n<p class=\"has-black-color has-text-color\" style=\"font-size:21px\"> <strong>10.03.2011<\/strong>&nbsp; &#8211;&nbsp;&nbsp; II Nadzwyczajne Walne Zebranie Cz\u0142onk\u00f3w zwo\u0142ane na wniosek Komisji Rewizyjnej w zwi\u0105zku z konieczno\u015bci\u0105 wprowadzenia zmian w Statucie TSPS. Zebrani cz\u0142onkowie przyj\u0119li sprawozdanie Prezydium ZR z dzia\u0142alno\u015bci w 2010 roku, zatwierdzili bilans finansowy za okres sprawozdawczy, przyj\u0119li mi\u0119dzy innymi uchwa\u0142y w sprawie zmian w statucie i o kierunkach pracy do ko\u0144ca obecnej kadencji. <\/p>\n\n\n\n<p class=\"has-black-color has-text-color\" style=\"font-size:21px\"><strong>14-16.04.2011<\/strong>&nbsp;&#8211;&nbsp; Zesp\u00f3\u0142 Edukacyjny \u201eBlok\u201d, kt\u00f3rego&nbsp; szko\u0142a budowlana&nbsp; jest w&nbsp;&nbsp;&nbsp;&nbsp; Klubie Przoduj\u0105cych Szk\u00f3\u0142 przy KSPS, by\u0142 organizatorem w Toruniu Fina\u0142u Centralnego XI Edycji Turnieju Budowlanego \u201eZ\u0142ota Kielnia.\u201d&nbsp; Stowarzyszenie by\u0142o jednym ze sponsor\u00f3w tej og\u00f3lnopolskiej imprezy i zosta\u0142o wyr\u00f3\u017cnione honorow\u0105 statuetk\u0105 z okazji 50-lecia szko\u0142y. &nbsp; <\/p>\n\n\n\n<p class=\"has-black-color has-text-color\" style=\"font-size:21px\"><strong>18.11.2011<\/strong>&nbsp;&#8211;&nbsp; Ostatnie z&nbsp; odbytych czyli V Walne Zebranie Cz\u0142onk\u00f3w TSPS (&nbsp; poprzednie: 1990, 1996, 2001, 2006 i nadzwyczajne: 2011, 20&nbsp;&nbsp; ). Ust\u0119puj\u0105cy zarz\u0105d i komisja rewizyjna przed\u0142o\u017cy\u0142y sprawozdania z minionej 5-letniej kadencji. Walne Zebranie Cz\u0142onk\u00f3w udzieli\u0142o absolutorium dotychczasowym w\u0142adzom, przyj\u0119\u0142o uchwa\u0142y w sprawie zmian w statucie i o kierunkach&nbsp; pracy, dokona\u0142o wyboru nowych cz\u0142onk\u00f3w Zarz\u0105du Regionalnego i Komisji Rewizyjnej.Bezpo\u015brednio po V WZC&nbsp;&nbsp; pierwsze zebrania organizacyjne odby\u0142y Komisja Rewizyjna i nowowybrany Zarz\u0105d Regionalny, kt\u00f3ry powo\u0142a\u0142 swoje aktualnie urz\u0119duj\u0105ce Prezydium ZR. W uznaniu zas\u0142ug dla o\u015bwiaty Toru\u0144skie Stowarzyszenie Pomocy Szkole po raz kolejny otrzyma\u0142o od Prezydenta Miasta Torunia honorowe wyr\u00f3\u017cnienie, kt\u00f3re zosta\u0142o wr\u0119czone w czasie V Walnego Zebrania Cz\u0142onk\u00f3w. <\/p>\n\n\n\n<p class=\"has-black-color has-text-color\" style=\"font-size:21px\"><strong>26.11.2011<\/strong>&nbsp;&#8211;&nbsp; Do tego dnia Toru\u0144skie Stowarzyszenie Pomocy Szkole&nbsp; realizuj\u0105c&nbsp; statutowe zadania po\u017cytku publicznego&nbsp; w okresie&nbsp; ostatniej kadencji&nbsp; zgromadzi\u0142o i przekaza\u0142o dla szk\u00f3\u0142 pomoc finansow\u0105 w og\u00f3lnej kwocie&nbsp; 1.644.588,03&nbsp; z\u0142. &nbsp; <\/p>\n\n\n\n<p style=\"font-size:21px\"><strong>11.12.2011<\/strong>&nbsp;&#8211; Prezydium ZR TSPS podejmuje decyzj\u0119 o w\u0142\u0105czeniu si\u0119&nbsp; do realizacji og\u00f3lnopolskiego&nbsp; przedsi\u0119wzi\u0119cia pod nazw\u0105 \u201eSzko\u0142a ucz\u0105ca racjonalnego gospodarowania energi\u0105\u201d, kt\u00f3rego g\u0142\u00f3wnym wykonawc\u0105 jest Krajowe Stowarzyszenie Pomocy Szkole&nbsp; przy wsparciu finansowym Narodowego. Funduszu Ochrony \u015arodowiska&nbsp; i Gospodarki Wodnej. <\/p>\n\n\n\n<p class=\"has-black-color has-text-color\" style=\"font-size:21px\"><strong>28 i 29.05.2012<\/strong>&nbsp;&#8211;&nbsp; Zorganizowanie i odbycie w ramach przedsi\u0119wzi\u0119cia \u201eSzko\u0142a ucz\u0105ca racjonalnego gospodarowania energi\u0105\u201d warsztat\u00f3w szkoleniowych dla 100 nauczycieli z terenu wojew\u00f3dztwa. &nbsp; <\/p>\n\n\n\n<p class=\"has-black-color has-text-color\" style=\"font-size:21px\"><strong>27.10.2012<\/strong>&nbsp; &#8211;&nbsp; Wychodz\u0105c naprzeciw aktualnym problemom wychowawczym w szko\u0142ach oraz w\u0142\u0105czaj\u0105c si\u0119 w nurt realizacyjny planowanych zamierze\u0144 w\u0142adz o\u015bwiatowych w dziedzinie bezpiecze\u0144stwa w&nbsp; plac\u00f3wkach o\u015bwiatowych, stowarzyszenie zorganizowa\u0142o w auli I Liceum Og\u00f3lnokszta\u0142c\u0105cego w Toruniu konferencj\u0119 szkoleniow\u0105&nbsp; pod tytu\u0142em \u201eWczesne rozwi\u0105zywanie konflikt\u00f3w sposobem eliminacji przyczyn agresji w szkole\u201d. &nbsp; <\/p>\n\n\n\n<p class=\"has-black-color has-text-color\" style=\"font-size:21px\"><strong>5.01.2013<\/strong>&nbsp; &#8211; W Toruniu odby\u0142a si\u0119 pierwsza w kraju Wojew\u00f3dzka Konferencja&nbsp; Podsumowuj\u0105ca&nbsp;&nbsp; warsztaty pod has\u0142em \u201eSzko\u0142a z energi\u0105 &#8211; jak uczy\u0107 racjonalnego gospodarowania energi\u0105\u201d&nbsp;&nbsp; po\u015bwi\u0119cona podsumowaniu i ocenie osi\u0105gni\u0119tych efekt\u00f3w w ramach wsp\u00f3\u0142realizowanego przez ca\u0142y 2012 rok og\u00f3lnopolskiego przedsi\u0119wzi\u0119cia. Konferencja z udzia\u0142em kilkudziesi\u0119ciu nauczycieli by\u0142a r\u00f3wnie\u017c okazj\u0105 do og\u0142oszenia wynik\u00f3w konkursu na konspekt lekcji po\u015bwi\u0119conej problematyce oszcz\u0119dzania energii oraz autorskiej prezentacji wyr\u00f3\u017cnionych prac konkursowych.<\/p>\n","protected":false},"excerpt":{"rendered":"<p>Toru\u0144skie Stowarzyszenie Pomocy Szkole Zarz\u0105d Regionalny 10.10.1989&nbsp;&#8211;&nbsp; Odby\u0142o si\u0119 zebranie grupy inicjatywnej, na kt\u00f3rym podj\u0119to&nbsp; decyzj\u0119 o utworzeniu&nbsp;&nbsp; stowarzyszenia oraz powo\u0142ano Komitet Za\u0142o\u017cycielski Toru\u0144skiego Stowarzyszenia Narodowego Czynu Pomocy Szkole, kt\u00f3remu powierzono przygotowanie i przeprowadzenie&nbsp; rejestracji . &nbsp; 21.11.1989&nbsp;&#8211;&nbsp; S\u0105d Wojew\u00f3dzki w Toruniu na podstawie Ust. z dnia 7 kwietnia 1989 r. prawo o stowarzyszeniach podejmuje [&hellip;]<\/p>\n","protected":false},"author":1,"featured_media":0,"parent":0,"menu_order":0,"comment_status":"closed","ping_status":"closed","template":"","meta":{"footnotes":""},"class_list":["post-61","page","type-page","status-publish","hentry"],"_links":{"self":[{"href":"https:\/\/tsps.org.pl\/index.php?rest_route=\/wp\/v2\/pages\/61","targetHints":{"allow":["GET"]}}],"collection":[{"href":"https:\/\/tsps.org.pl\/index.php?rest_route=\/wp\/v2\/pages"}],"about":[{"href":"https:\/\/tsps.org.pl\/index.php?rest_route=\/wp\/v2\/types\/page"}],"author":[{"embeddable":true,"href":"https:\/\/tsps.org.pl\/index.php?rest_route=\/wp\/v2\/users\/1"}],"replies":[{"embeddable":true,"href":"https:\/\/tsps.org.pl\/index.php?rest_route=%2Fwp%2Fv2%2Fcomments&post=61"}],"version-history":[{"count":11,"href":"https:\/\/tsps.org.pl\/index.php?rest_route=\/wp\/v2\/pages\/61\/revisions"}],"predecessor-version":[{"id":240,"href":"https:\/\/tsps.org.pl\/index.php?rest_route=\/wp\/v2\/pages\/61\/revisions\/240"}],"wp:attachment":[{"href":"https:\/\/tsps.org.pl\/index.php?rest_route=%2Fwp%2Fv2%2Fmedia&parent=61"}],"curies":[{"name":"wp","href":"https:\/\/api.w.org\/{rel}","templated":true}]}}