{"id":594,"date":"2026-03-03T13:03:35","date_gmt":"2026-03-03T12:03:35","guid":{"rendered":"https:\/\/tsps.org.pl\/?page_id=594"},"modified":"2026-03-03T13:44:47","modified_gmt":"2026-03-03T12:44:47","slug":"aktualnosci","status":"publish","type":"page","link":"https:\/\/tsps.org.pl\/?page_id=594","title":{"rendered":"Aktualno\u015bci"},"content":{"rendered":"\n<p><strong>Walne Zebranie Cz\u0142onk\u00f3w Toru\u0144skiego Stowarzyszenia Pomocy Szkole<\/strong><\/p>\n\n\n\n<p><br>Zarz\u0105d Toru\u0144skiego Stowarzyszenia Pomocy Szkole w Toruniu<br>zgodnie paragrafem 42 pkt. 3 i 4 Statutu Toru\u0144skiego Stowarzyszenia Pomocy Szkole<br>zwo\u0142uje Walne zebranie cz\u0142onk\u00f3w \u00a0<strong>w dniu 17 marca 2026r. <\/strong>na godzin\u0119 16:30 w pierwszym terminie.<br>Na godzin\u0119 16:45 w drugim terminie.<br>Zebranie odb\u0119dzie si\u0119 w siedzibie Stowarzyszenia w Toruniu ul Rejtana 2.<br>Z uwagi na wag\u0119 omawianych spraw prosimy o niezawodne przybycie i potwierdzenie obecno\u015bci.<\/p>\n\n\n\n<p><strong>Przewidywany porz\u0105dek zebrania:<\/strong><\/p>\n\n\n\n<p>1. Otwarcie&nbsp; posiedzenia i powitanie uczestnik\u00f3w<\/p>\n\n\n\n<p>2. Sprawy organizacyjne:<\/p>\n\n\n\n<ul class=\"wp-block-list\">\n<li>stwierdzenie prawomocno\u015bci obrad,<\/li>\n\n\n\n<li>zatwierdzenie porz\u0105dku obrad,<\/li>\n\n\n\n<li>wyb\u00f3r Przewodnicz\u0105cego zebrania,<\/li>\n\n\n\n<li>powo\u0142anie sekretarza,<\/li>\n\n\n\n<li>powo\u0142anie komisji\u00a0 uchwa\u0142 i wniosk\u00f3w.<\/li>\n<\/ul>\n\n\n\n<p>3. Sprawozdanie Zarz\u0105du Toru\u0144skiego Stowarzyszenia Pomocy Szkole\u00a0z dzia\u0142alno\u015bci Stowarzyszenia w roku 2025<\/p>\n\n\n\n<p>4.\u00a0 Sprawozdanie Komisji Rewizyjnej z dzia\u0142a\u0144 kontrolnych w\u00a0 2025r.<\/p>\n\n\n\n<p>5.&nbsp; Przedstawienie projektu zmian w Zarz\u0105dzie TSPS<\/p>\n\n\n\n<p>6.&nbsp; Dyskusja<\/p>\n\n\n\n<p>7.&nbsp; Sprawozdanie komisji uchwa\u0142 i wniosk\u00f3w<\/p>\n\n\n\n<p>8.&nbsp; Przyj\u0119cie uchwa\u0142 i wniosk\u00f3w<\/p>\n\n\n\n<p>9.&nbsp; Sprawy r\u00f3\u017cne i wolne wnioski<\/p>\n\n\n\n<p>10. Zamkni\u0119cie obrad<\/p>\n\n\n\n<p><\/p>\n","protected":false},"excerpt":{"rendered":"<p>Walne Zebranie Cz\u0142onk\u00f3w Toru\u0144skiego Stowarzyszenia Pomocy Szkole Zarz\u0105d Toru\u0144skiego Stowarzyszenia Pomocy Szkole w Toruniuzgodnie paragrafem 42 pkt. 3 i 4 Statutu Toru\u0144skiego Stowarzyszenia Pomocy Szkolezwo\u0142uje Walne zebranie cz\u0142onk\u00f3w \u00a0w dniu 17 marca 2026r. na godzin\u0119 16:30 w pierwszym terminie.Na godzin\u0119 16:45 w drugim terminie.Zebranie odb\u0119dzie si\u0119 w siedzibie Stowarzyszenia w Toruniu ul Rejtana 2.Z uwagi [&hellip;]<\/p>\n","protected":false},"author":1,"featured_media":0,"parent":0,"menu_order":0,"comment_status":"closed","ping_status":"closed","template":"","meta":{"footnotes":""},"class_list":["post-594","page","type-page","status-publish","hentry"],"_links":{"self":[{"href":"https:\/\/tsps.org.pl\/index.php?rest_route=\/wp\/v2\/pages\/594","targetHints":{"allow":["GET"]}}],"collection":[{"href":"https:\/\/tsps.org.pl\/index.php?rest_route=\/wp\/v2\/pages"}],"about":[{"href":"https:\/\/tsps.org.pl\/index.php?rest_route=\/wp\/v2\/types\/page"}],"author":[{"embeddable":true,"href":"https:\/\/tsps.org.pl\/index.php?rest_route=\/wp\/v2\/users\/1"}],"replies":[{"embeddable":true,"href":"https:\/\/tsps.org.pl\/index.php?rest_route=%2Fwp%2Fv2%2Fcomments&post=594"}],"version-history":[{"count":3,"href":"https:\/\/tsps.org.pl\/index.php?rest_route=\/wp\/v2\/pages\/594\/revisions"}],"predecessor-version":[{"id":605,"href":"https:\/\/tsps.org.pl\/index.php?rest_route=\/wp\/v2\/pages\/594\/revisions\/605"}],"wp:attachment":[{"href":"https:\/\/tsps.org.pl\/index.php?rest_route=%2Fwp%2Fv2%2Fmedia&parent=594"}],"curies":[{"name":"wp","href":"https:\/\/api.w.org\/{rel}","templated":true}]}}