{"id":46,"date":"2020-11-20T10:04:05","date_gmt":"2020-11-20T09:04:05","guid":{"rendered":"https:\/\/tsps.org.pl\/?page_id=46"},"modified":"2026-03-03T13:34:06","modified_gmt":"2026-03-03T12:34:06","slug":"o-nas","status":"publish","type":"page","link":"https:\/\/tsps.org.pl\/","title":{"rendered":"O nas"},"content":{"rendered":"\t\t<div data-elementor-type=\"wp-page\" data-elementor-id=\"46\" class=\"elementor elementor-46\" data-elementor-settings=\"[]\">\n\t\t\t\t\t\t<div class=\"elementor-inner\">\n\t\t\t\t\t\t\t<div class=\"elementor-section-wrap\">\n\t\t\t\t\t\t\t<section class=\"elementor-section elementor-top-section elementor-element elementor-element-132e2226 elementor-section-boxed elementor-section-height-default elementor-section-height-default\" data-id=\"132e2226\" data-element_type=\"section\">\n\t\t\t\t\t\t<div class=\"elementor-container elementor-column-gap-default\">\n\t\t\t\t\t\t\t<div class=\"elementor-row\">\n\t\t\t\t\t<div class=\"elementor-column elementor-col-100 elementor-top-column elementor-element elementor-element-3a63bd9a\" data-id=\"3a63bd9a\" data-element_type=\"column\">\n\t\t\t<div class=\"elementor-column-wrap elementor-element-populated\">\n\t\t\t\t\t\t\t<div class=\"elementor-widget-wrap\">\n\t\t\t\t\t\t<div class=\"elementor-element elementor-element-48ff41a5 elementor-widget elementor-widget-text-editor\" data-id=\"48ff41a5\" data-element_type=\"widget\" data-widget_type=\"text-editor.default\">\n\t\t\t\t<div class=\"elementor-widget-container\">\n\t\t\t\t\t<div class=\"elementor-text-editor elementor-clearfix\"><!-- wp:image {\"align\":\"center\",\"id\":370,\"width\":277,\"height\":317,\"sizeSlug\":\"large\",\"className\":\"is-style-default\"} -->\n<div class=\"wp-block-image is-style-default\">\n<figure class=\"aligncenter size-large is-resized\"><img loading=\"lazy\" decoding=\"async\" class=\"wp-image-370\" src=\"https:\/\/tsps.org.pl\/wp-content\/uploads\/2020\/12\/Logo_2020.png\" alt=\"\" width=\"277\" height=\"317\" \/><\/figure>\n<\/div>\n<!-- \/wp:image --><!-- wp:paragraph {\"align\":\"center\",\"textColor\":\"black\",\"style\":{\"typography\":{\"fontSize\":30}}} -->\n<p class=\"has-text-align-center has-black-color has-text-color\" style=\"font-size: 30px;\"><strong>Toru\u0144skie Stowarzyszenie Pomocy Szkole<\/strong> <br \/><strong>Organizacja Po\u017cytku Publicznego<\/strong><\/p>\n<!-- \/wp:paragraph --><!-- wp:columns -->\n<div class=\"wp-block-columns\"><!-- wp:column {\"verticalAlignment\":\"top\",\"width\":100} -->\n<div class=\"wp-block-column is-vertically-aligned-top\" style=\"flex-basis: 100%;\"><!-- wp:freeform -->\n<h2 style=\"text-align: center;\"><span style=\"color: #ff0000;\"><strong>KRS<\/strong><\/span><br \/><span style=\"color: #ff0000;\"><strong>0000121592<\/strong><\/span><br \/><strong><span style=\"color: #ff0000;\">1,5%<\/span><\/strong><br \/>podatku dla o\u015bwiaty<\/h2>\n<!-- \/wp:freeform --><\/div>\n<!-- \/wp:column --><\/div>\n<!-- \/wp:columns -->\n<p><strong data-rich-text-format-boundary=\"true\">Toru\u0144skie Stowarzyszenie Pomocy Szkole, organizacja po\u017cytku publicznego dzia\u0142a od 1989 roku.\u00a0 Jako organizacja pozarz\u0105dowa po\u017cytku publicznego realizuje cele w sferze:<br data-rich-text-line-break=\"true\" \/>-edukacji<br \/><\/strong><strong data-rich-text-format-boundary=\"true\">-o\u015bwiaty i wychowania<br data-rich-text-line-break=\"true\" \/>-turystyki, krajoznawstwa oraz wypoczynku dzieci i m\u0142odzie\u017cy<br data-rich-text-line-break=\"true\" \/>-upowszechnienia kultury fizycznej i sportu szkolnego<br data-rich-text-line-break=\"true\" \/>-pomocy spo\u0142ecznej udzielanej uzdolnionym uczniom<br data-rich-text-line-break=\"true\" \/><br data-rich-text-line-break=\"true\" \/>Terenem dzia\u0142ania jest p\u00f3\u0142nocny obszar Polski obejmuj\u0105cy wojew\u00f3dztwa: kujawsko-pomorskie, warmi\u0144sko-mazurskie, pomorskie, wielkopolskie i zachodnio-pomorskie.<br data-rich-text-line-break=\"true\" \/><br data-rich-text-line-break=\"true\" \/>Stowarzyszenie opiera swoj\u0105 dzia\u0142alno\u015b\u0107 na spo\u0142ecznej pracy og\u00f3\u0142u cz\u0142onk\u00f3w. Stowarzyszenie posiada jednostki terenowe w postaci komitet\u00f3w pomocy szkole dzia\u0142aj\u0105cych przy plac\u00f3wkach o\u015bwiatowych.<\/strong><\/p>\n<!-- wp:heading -->\n<h2>\u00a0<\/h2>\n<!-- \/wp:heading --><\/div>\n\t\t\t\t<\/div>\n\t\t\t\t<\/div>\n\t\t\t\t\t\t<\/div>\n\t\t\t\t\t<\/div>\n\t\t<\/div>\n\t\t\t\t\t\t\t\t<\/div>\n\t\t\t\t\t<\/div>\n\t\t<\/section>\n\t\t\t\t\t\t<\/div>\n\t\t\t\t\t\t<\/div>\n\t\t\t\t\t<\/div>\n\t\t","protected":false},"excerpt":{"rendered":"<p>Zarz\u0105d Toru\u0144skiego Stowarzyszenia Pomocy Szkole w Toruniu zgodnie paragrafem 42 pkt. 3 i 4 Statutu Toru\u0144skiego Stowarzyszenia Pomocy Szkole zwo\u0142uje Walne zebranie cz\u0142onk\u00f3w &nbsp;w dniu 17 marca 2026r na godzin\u0119 16:30 w pierwszym terminie. Na godzin\u0119 16:45 w drugim terminie Zebranie odb\u0119dzie si\u0119 w siedzibie Stowarzyszenia w Toruniu ul Rejtana 2 Z uwagi na wag\u0119 [&hellip;]<\/p>\n","protected":false},"author":1,"featured_media":0,"parent":0,"menu_order":0,"comment_status":"closed","ping_status":"closed","template":"","meta":{"footnotes":""},"class_list":["post-46","page","type-page","status-publish","hentry"],"_links":{"self":[{"href":"https:\/\/tsps.org.pl\/index.php?rest_route=\/wp\/v2\/pages\/46","targetHints":{"allow":["GET"]}}],"collection":[{"href":"https:\/\/tsps.org.pl\/index.php?rest_route=\/wp\/v2\/pages"}],"about":[{"href":"https:\/\/tsps.org.pl\/index.php?rest_route=\/wp\/v2\/types\/page"}],"author":[{"embeddable":true,"href":"https:\/\/tsps.org.pl\/index.php?rest_route=\/wp\/v2\/users\/1"}],"replies":[{"embeddable":true,"href":"https:\/\/tsps.org.pl\/index.php?rest_route=%2Fwp%2Fv2%2Fcomments&post=46"}],"version-history":[{"count":29,"href":"https:\/\/tsps.org.pl\/index.php?rest_route=\/wp\/v2\/pages\/46\/revisions"}],"predecessor-version":[{"id":600,"href":"https:\/\/tsps.org.pl\/index.php?rest_route=\/wp\/v2\/pages\/46\/revisions\/600"}],"wp:attachment":[{"href":"https:\/\/tsps.org.pl\/index.php?rest_route=%2Fwp%2Fv2%2Fmedia&parent=46"}],"curies":[{"name":"wp","href":"https:\/\/api.w.org\/{rel}","templated":true}]}}