{"id":380,"date":"2020-12-02T13:55:07","date_gmt":"2020-12-02T12:55:07","guid":{"rendered":"https:\/\/tsps.org.pl\/?page_id=380"},"modified":"2026-02-24T15:29:13","modified_gmt":"2026-02-24T14:29:13","slug":"cennik-szkolen-bhp","status":"publish","type":"page","link":"https:\/\/tsps.org.pl\/?page_id=380","title":{"rendered":"Cennik szkole\u0144 BHP"},"content":{"rendered":"\n<figure class=\"wp-block-table is-style-stripes\"><table class=\"has-subtle-pale-green-background-color has-background\"><thead><tr><th><\/th><th><\/th><th><\/th><\/tr><\/thead><tbody><tr><td>lp.<\/td><td>nazwa szkolenia<\/td><td>cena za jedn\u0105 osob\u0119<\/td><\/tr><tr><td>1.<\/td><td>na stanowiskach robotniczych<\/td><td>110,00 z\u0142.<\/td><\/tr><tr><td>2.<\/td><td>na stanowiskach administracyjno-biurowych<\/td><td>110,00 z\u0142.<\/td><\/tr><tr><td>3.<\/td><td>s\u0142u\u017cba bhp<\/td><td>200,00 z\u0142.<\/td><\/tr><tr><td>4.<\/td><td>na stanowiskach in\u017cynieryjno-technicznych<\/td><td>140,00 z\u0142.<\/td><\/tr><tr><td>5.<\/td><td>szkolenie okresowe bhp pracodawc\u00f3w i innych os\u00f3b kieruj\u0105cych pracownikami<\/td><td>250,00 z\u0142.<\/td><\/tr><tr><td>6.<\/td><td>instrukta\u017c stanowiskowy<\/td><td>50,00 z\u0142.<\/td><\/tr><tr><td>7.<\/td><td>Szkolenie z udzielania pierwszej pomocy przedmedycznej<\/td><td>100,00 z\u0142.<\/td><\/tr><\/tbody><tfoot><tr><td><\/td><td><\/td><td><\/td><\/tr><\/tfoot><\/table><\/figure>\n\n\n\n<p><\/p>\n","protected":false},"excerpt":{"rendered":"<p>lp. nazwa szkolenia cena za jedn\u0105 osob\u0119 1. na stanowiskach robotniczych 110,00 z\u0142. 2. na stanowiskach administracyjno-biurowych 110,00 z\u0142. 3. s\u0142u\u017cba bhp 200,00 z\u0142. 4. na stanowiskach in\u017cynieryjno-technicznych 140,00 z\u0142. 5. szkolenie okresowe bhp pracodawc\u00f3w i innych os\u00f3b kieruj\u0105cych pracownikami 250,00 z\u0142. 6. instrukta\u017c stanowiskowy 50,00 z\u0142. 7. Szkolenie z udzielania pierwszej pomocy przedmedycznej 100,00 [&hellip;]<\/p>\n","protected":false},"author":1,"featured_media":0,"parent":0,"menu_order":0,"comment_status":"closed","ping_status":"closed","template":"","meta":{"footnotes":""},"class_list":["post-380","page","type-page","status-publish","hentry"],"_links":{"self":[{"href":"https:\/\/tsps.org.pl\/index.php?rest_route=\/wp\/v2\/pages\/380","targetHints":{"allow":["GET"]}}],"collection":[{"href":"https:\/\/tsps.org.pl\/index.php?rest_route=\/wp\/v2\/pages"}],"about":[{"href":"https:\/\/tsps.org.pl\/index.php?rest_route=\/wp\/v2\/types\/page"}],"author":[{"embeddable":true,"href":"https:\/\/tsps.org.pl\/index.php?rest_route=\/wp\/v2\/users\/1"}],"replies":[{"embeddable":true,"href":"https:\/\/tsps.org.pl\/index.php?rest_route=%2Fwp%2Fv2%2Fcomments&post=380"}],"version-history":[{"count":10,"href":"https:\/\/tsps.org.pl\/index.php?rest_route=\/wp\/v2\/pages\/380\/revisions"}],"predecessor-version":[{"id":593,"href":"https:\/\/tsps.org.pl\/index.php?rest_route=\/wp\/v2\/pages\/380\/revisions\/593"}],"wp:attachment":[{"href":"https:\/\/tsps.org.pl\/index.php?rest_route=%2Fwp%2Fv2%2Fmedia&parent=380"}],"curies":[{"name":"wp","href":"https:\/\/api.w.org\/{rel}","templated":true}]}}