{"id":188,"date":"2020-11-20T21:39:06","date_gmt":"2020-11-20T20:39:06","guid":{"rendered":"https:\/\/tsps.org.pl\/?page_id=188"},"modified":"2025-03-13T14:47:26","modified_gmt":"2025-03-13T13:47:26","slug":"pozytek-publiczny","status":"publish","type":"page","link":"https:\/\/tsps.org.pl\/?page_id=188","title":{"rendered":"Po\u017cytek publiczny"},"content":{"rendered":"\t\t<div data-elementor-type=\"wp-page\" data-elementor-id=\"188\" class=\"elementor elementor-188\" data-elementor-settings=\"[]\">\n\t\t\t\t\t\t<div class=\"elementor-inner\">\n\t\t\t\t\t\t\t<div class=\"elementor-section-wrap\">\n\t\t\t\t\t\t\t<section class=\"elementor-section elementor-top-section elementor-element elementor-element-5896b327 elementor-section-boxed elementor-section-height-default elementor-section-height-default\" data-id=\"5896b327\" data-element_type=\"section\">\n\t\t\t\t\t\t<div class=\"elementor-container elementor-column-gap-default\">\n\t\t\t\t\t\t\t<div class=\"elementor-row\">\n\t\t\t\t\t<div class=\"elementor-column elementor-col-100 elementor-top-column elementor-element elementor-element-57e12fe7\" data-id=\"57e12fe7\" data-element_type=\"column\">\n\t\t\t<div class=\"elementor-column-wrap elementor-element-populated\">\n\t\t\t\t\t\t\t<div class=\"elementor-widget-wrap\">\n\t\t\t\t\t\t<div class=\"elementor-element elementor-element-70e1af4e elementor-widget elementor-widget-text-editor\" data-id=\"70e1af4e\" data-element_type=\"widget\" data-widget_type=\"text-editor.default\">\n\t\t\t\t<div class=\"elementor-widget-container\">\n\t\t\t\t\t<div class=\"elementor-text-editor elementor-clearfix\"><!-- wp:paragraph {\"align\":\"left\",\"style\":{\"typography\":{\"fontSize\":27},\"color\":{\"text\":\"#e61414\"}}} -->\n<p class=\"has-text-align-left has-text-color\" style=\"font-size: 27px; color: #e61414;\"><strong>Zarz\u0105d Regionalny Toru\u0144skiego Stowarzyszenia Pomocy Szkole<br \/>numer KRS 0000121592<\/strong><\/p>\n<!-- \/wp:paragraph -->\n<h3 style=\"text-align: left;\"><span style=\"color: #ff0000;\"><strong>PRZEKA\u017b 1,5% PODATKU DLA TSPS<br \/>POMO\u017bESZ O\u015aWIATOWYM PLAC\u00d3WKOM TWOICH DZIECI<\/strong><\/span><\/h3>\n<p>\u00a0<\/p>\n<!-- wp:paragraph {\"align\":\"left\",\"textColor\":\"black\"} -->\n<p class=\"has-text-align-left has-black-color has-text-color\"><strong>\u00a0Toru\u0144skie Stowarzyszenie Pomocy Szkole\u00a0&#8211; istnieje od\u00a0 1989 roku dzia\u0142a na podstawie prawa o stowarzyszeniach i z tego tytu\u0142u posiada osobowo\u015b\u0107 prawn\u0105. Jest inspiratorem i organizatorem spo\u0142ecznego ruchu na rzecz edukacji narodowej.<\/strong><br \/><strong> Jako organizacja pozarz\u0105dowa po\u017cytku publicznego realizuje cele w sferze:<br \/><strong>-edukacji<br \/>-o\u015bwiaty i wychowania<br \/>-turystyki, krajoznawstwa oraz wypoczynku dzieci i m\u0142odzie\u017cy<br \/>-upowszechnienia kultury fizycznej i sportu szkolnego<br \/>-pomocy spo\u0142ecznej udzielanej uzdolnionym uczniom<\/strong><\/strong><br \/><strong><br \/>Og\u00f3lne cele Stowarzyszenia zwi\u0105zane z pozosta\u0142ymi dziedzinami dzia\u0142a\u0144 okre\u015bla Statut TSPS.<br \/>Terenem dzia\u0142ania jest p\u00f3\u0142nocny obszar Rzeczypospolitej Polskiej obejmuj\u0105cy wojew\u00f3dztwa: kujawsko-pomorskie, warmi\u0144sko-mazurskie, pomorskie, wielkopolskie i zachodnio-pomorskie, a siedzib\u0105 jest miasto Toru\u0144.<br \/><br \/>Czas trwania dzia\u0142alno\u015bci Stowarzyszenia statutowo nieoznaczony.<br \/><br \/>Stowarzyszenie jest pozarz\u0105dow\u0105 organizacj\u0105 po\u017cytku publicznego z osobowo\u015bci\u0105 prawn\u0105, niezale\u017cn\u0105, apolityczn\u0105, prowadz\u0105c\u0105 r\u00f3wnie\u017c\u00a0 w\u0142asn\u0105 dzia\u0142alno\u015b\u0107 gospodarcz\u0105.<br \/><br \/>Stowarzyszenie opiera swoj\u0105 dzia\u0142alno\u015b\u0107 na spo\u0142ecznej pracy og\u00f3\u0142u cz\u0142onk\u00f3w. Stowarzyszenie posiada jednostki terenowe w postaci komitet\u00f3w pomocy szkole, dzia\u0142aj\u0105cych przy konkretnych plac\u00f3wkach o\u015bwiatowych.<\/strong><\/p>\n<!-- \/wp:paragraph --><!-- wp:separator {\"className\":\"is-style-wide\"} --><hr class=\"wp-block-separator is-style-wide\" \/><!-- \/wp:separator -->\n<h4 class=\"entry-title\">\u00a0<\/h4>\n<table>\n<tbody>\n<tr>\n<td>\u00a0<\/td>\n<td>\n<p><strong>Pliki do pobrania<\/strong><\/p>\n<\/td>\n<td>\u00a0<\/td>\n<\/tr>\n<tr>\n<td><strong>1.<\/strong><\/td>\n<td><strong><a href=\"https:\/\/tsps.org.pl\/wp-content\/uploads\/2024\/01\/PIT-37.pdf\">Wz\u00f3r do wype\u0142nienia odpisu 1,5 %<\/a><\/strong><\/td>\n<td>\u00a0<\/td>\n<\/tr>\n<tr>\n<td><strong>2.<\/strong><\/td>\n<td><a href=\"https:\/\/tsps.org.pl\/wp-content\/uploads\/2025\/01\/PRZEKAZ-15_.docx\" target=\"_blank\" rel=\"noreferrer noopener\" data-type=\"URL\" data-id=\"https:\/\/tsps.org.pl\/wp-content\/uploads\/2020\/11\/APEL.pdf\"><strong>Apel w sprawie odpisu 1,5%<\/strong><\/a><\/td>\n<td>\u00a0<\/td>\n<\/tr>\n<tr>\n<td><strong>3.<\/strong><\/td>\n<td><a href=\"https:\/\/tsps.org.pl\/wp-content\/uploads\/2025\/03\/POROZUMIENIE.docx\" target=\"_blank\" rel=\"noreferrer noopener\" data-type=\"URL\" data-id=\"https:\/\/tsps.org.pl\/wp-content\/uploads\/2020\/11\/porozumienie.pdf\"><strong>Porozumienie 1,5%<\/strong><\/a><\/td>\n<td>\u00a0<\/td>\n<\/tr>\n<tr>\n<td><strong>4.<\/strong><\/td>\n<td><a href=\"https:\/\/tsps.org.pl\/wp-content\/uploads\/2023\/03\/2022-regulamin-1_-popr.10.03.2011.doc\" target=\"_blank\" rel=\"noreferrer noopener\" data-type=\"URL\" data-id=\"https:\/\/tsps.org.pl\/wp-content\/uploads\/2020\/11\/Regulamin.pdf\"><strong>Regulamin 1,5%<\/strong><\/a><\/td>\n<td>\u00a0<\/td>\n<\/tr>\n<tr>\n<td><strong>5.<\/strong><\/td>\n<td><a href=\"https:\/\/tsps.org.pl\/wp-content\/uploads\/2020\/11\/rozliczenie_rzeczowe.pdf\" target=\"_blank\" rel=\"noreferrer noopener\" data-type=\"URL\" data-id=\"https:\/\/tsps.org.pl\/wp-content\/uploads\/2020\/11\/rozliczenie_rzeczowe.pdf\"><strong>Rozliczenie rzeczowe -zbi\u00f3rki publiczne<\/strong><\/a><\/td>\n<td>\u00a0<\/td>\n<\/tr>\n<tr>\n<td><strong>6.<\/strong><\/td>\n<td><a href=\"https:\/\/tsps.org.pl\/wp-content\/uploads\/2023\/03\/ROZLICZENIE-rzeczowe-15_-2023.doc\" target=\"_blank\" rel=\"noreferrer noopener\" data-type=\"URL\" data-id=\"https:\/\/tsps.org.pl\/wp-content\/uploads\/2020\/11\/Rozliczenie.pdf\"><strong>Rozliczenie 1,5%<\/strong><\/a><\/td>\n<\/tr>\n<\/tbody>\n<\/table>\n<!-- wp:paragraph -->\n<p>\u00a0<\/p>\n<!-- \/wp:paragraph --><\/div>\n\t\t\t\t<\/div>\n\t\t\t\t<\/div>\n\t\t\t\t\t\t<\/div>\n\t\t\t\t\t<\/div>\n\t\t<\/div>\n\t\t\t\t\t\t\t\t<\/div>\n\t\t\t\t\t<\/div>\n\t\t<\/section>\n\t\t\t\t\t\t<\/div>\n\t\t\t\t\t\t<\/div>\n\t\t\t\t\t<\/div>\n\t\t","protected":false},"excerpt":{"rendered":"<p>Zarz\u0105d Regionalny Toru\u0144skiego Stowarzyszenia Pomocy Szkolenumer KRS 0000121592 PRZEKA\u017b 1,5% PODATKU DLA TSPSPOMO\u017bESZ O\u015aWIATOWYM PLAC\u00d3WKOM TWOICH DZIECI \u00a0 \u00a0Toru\u0144skie Stowarzyszenie Pomocy Szkole\u00a0&#8211; istnieje od\u00a0 1989 roku dzia\u0142a na podstawie prawa o stowarzyszeniach i z tego tytu\u0142u posiada osobowo\u015b\u0107 prawn\u0105. Jest inspiratorem i organizatorem spo\u0142ecznego ruchu na rzecz edukacji narodowej. Jako organizacja pozarz\u0105dowa po\u017cytku publicznego realizuje [&hellip;]<\/p>\n","protected":false},"author":1,"featured_media":0,"parent":0,"menu_order":0,"comment_status":"closed","ping_status":"closed","template":"page-templates\/fullwidth.php","meta":{"footnotes":""},"class_list":["post-188","page","type-page","status-publish","hentry"],"_links":{"self":[{"href":"https:\/\/tsps.org.pl\/index.php?rest_route=\/wp\/v2\/pages\/188","targetHints":{"allow":["GET"]}}],"collection":[{"href":"https:\/\/tsps.org.pl\/index.php?rest_route=\/wp\/v2\/pages"}],"about":[{"href":"https:\/\/tsps.org.pl\/index.php?rest_route=\/wp\/v2\/types\/page"}],"author":[{"embeddable":true,"href":"https:\/\/tsps.org.pl\/index.php?rest_route=\/wp\/v2\/users\/1"}],"replies":[{"embeddable":true,"href":"https:\/\/tsps.org.pl\/index.php?rest_route=%2Fwp%2Fv2%2Fcomments&post=188"}],"version-history":[{"count":53,"href":"https:\/\/tsps.org.pl\/index.php?rest_route=\/wp\/v2\/pages\/188\/revisions"}],"predecessor-version":[{"id":576,"href":"https:\/\/tsps.org.pl\/index.php?rest_route=\/wp\/v2\/pages\/188\/revisions\/576"}],"wp:attachment":[{"href":"https:\/\/tsps.org.pl\/index.php?rest_route=%2Fwp%2Fv2%2Fmedia&parent=188"}],"curies":[{"name":"wp","href":"https:\/\/api.w.org\/{rel}","templated":true}]}}