{"id":150,"date":"2020-11-20T16:53:51","date_gmt":"2020-11-20T15:53:51","guid":{"rendered":"https:\/\/tsps.org.pl\/?page_id=150"},"modified":"2024-11-25T09:50:13","modified_gmt":"2024-11-25T08:50:13","slug":"osrodek-szkolenia-bhp","status":"publish","type":"page","link":"https:\/\/tsps.org.pl\/?page_id=150","title":{"rendered":"Szkolenia w dziedzinie bezpiecze\u0144stwa i higieny pracy"},"content":{"rendered":"\n<div class=\"wp-block-image is-style-default\"><figure class=\"alignright size-large is-resized\"><img loading=\"lazy\" decoding=\"async\" src=\"https:\/\/tsps.org.pl\/wp-content\/uploads\/2020\/11\/Fotolia_44659200_XS.jpg\" alt=\"\" class=\"wp-image-151\" width=\"313\" height=\"235\" srcset=\"https:\/\/tsps.org.pl\/wp-content\/uploads\/2020\/11\/Fotolia_44659200_XS.jpg 400w, https:\/\/tsps.org.pl\/wp-content\/uploads\/2020\/11\/Fotolia_44659200_XS-300x225.jpg 300w\" sizes=\"auto, (max-width: 313px) 100vw, 313px\" \/><\/figure><\/div>\n\n\n\n<p><strong>ul. Rejtana 2<\/strong><br><strong>87-100 Toru\u0144<\/strong><br><strong>tel.kom.&nbsp; 509 739 850<\/strong><br><strong><strong>tsps@edukacja.torun.com.pl<\/strong><\/strong><\/p>\n\n\n\n<p><\/p>\n\n\n\n<hr class=\"wp-block-separator is-style-wide\"\/>\n\n\n\n<p class=\"has-black-color has-text-color has-medium-font-size\">organizujemy i prowadzimy szkolenia od 1998 roku, cieszymy si\u0119 dobr\u0105 opini\u0105 w\u015br\u00f3d zak\u0142ad\u00f3w pracy, gdzie takie szkolenia by\u0142y prowadzone. W ramach dzia\u0142alno\u015bci szkoleniowej wsp\u00f3lnie z Pa\u0144stwow\u0105 Inspekcj\u0105 Pracy w ostatnim okresie zorganizowali\u015bmy 5 konferencji dla pracownik\u00f3w s\u0142u\u017cb BHP, na kt\u00f3rych omawiana by\u0142a problematyka z zakresu bezpiecze\u0144stwa w \u015brodowisku pracy. Szkolenia okresowe z zakresu bezpiecze\u0144stwa i higieny pracy prowadz\u0105&nbsp; wyk\u0142adowcy, kt\u00f3rzy s\u0105 bardzo do\u015bwiadczonymi praktykami w swojej wybranej specjalizacji. Gwarantujemy Pa\u0144stwu profesjonalizm, fachowo\u015b\u0107 oraz rzetelno\u015b\u0107&nbsp; \u015bwiadczonych przez nas us\u0142ug.<\/p>\n\n\n\n<hr class=\"wp-block-separator is-style-wide\"\/>\n\n\n\n<p class=\"has-text-align-center has-text-color has-medium-font-size\" style=\"color:#ab091c\"><strong>Oferta szkoleniowa:<\/strong><\/p>\n\n\n\n<p class=\"has-black-color has-text-color has-medium-font-size\">&#8211;&nbsp; szkolenie okresowe pracownik\u00f3w s\u0142u\u017cby bhp<\/p>\n\n\n\n<p class=\"has-black-color has-text-color has-medium-font-size\">&#8211;&nbsp; szkolenie okresowe dla pracodawc\u00f3w i innych os\u00f3b                                kieruj\u0105cych pracownikami<\/p>\n\n\n\n<p class=\"has-black-color has-text-color has-medium-font-size\">&#8211;&nbsp; szkolenie okresowe pracownik\u00f3w in\u017cynieryjno-technicznych   <\/p>\n\n\n\n<p class=\"has-black-color has-text-color has-medium-font-size\">&#8211; szkolenie okresowe dla pracownik\u00f3w administracyjno-biurowych<\/p>\n\n\n\n<p class=\"has-black-color has-text-color has-medium-font-size\">&#8211;&nbsp; szkolenie okresowe bhp nauczycieli, pracownik\u00f3w s\u0142u\u017cby zdrowia i&nbsp;&nbsp;innych, kt\u00f3rych charakter pracy wi\u0105\u017ce si\u0119 z nara\u017ceniem na czynniki niebezpieczne, szkodliwe i uci\u0105\u017cliwe<\/p>\n\n\n\n<p class=\"has-black-color has-text-color has-medium-font-size\">&#8211;&nbsp; szkolenie okresowe bhp pracownik\u00f3w zatrudnionych na stanowiskach robotniczych<\/p>\n\n\n\n<p class=\"has-text-align-center has-text-color has-medium-font-size\" style=\"color:#ab091c\"><strong>Organizujemy r\u00f3wnie\u017c szkolenia w zakresie:<\/strong><\/p>\n\n\n\n<p class=\"has-black-color has-text-color has-medium-font-size\">&#8211;&nbsp; metodyki prowadzenia instrukta\u017cu stanowiskowego<\/p>\n\n\n\n<p class=\"has-black-color has-text-color has-medium-font-size\">&#8211;&nbsp; udzielania pierwszej pomocy przedmedycznej w<br>&nbsp;&nbsp; nag\u0142ych wypadkach<\/p>\n\n\n\n<p class=\"has-medium-font-size\">&#8211;&nbsp; zwalczania po\u017car\u00f3w i ewakuacji pracownik\u00f3w<\/p>\n\n\n\n<p class=\"has-text-align-center has-text-color has-medium-font-size\" style=\"color:#ab091c\"><strong>Oferujemy us\u0142ugi w zakresie:<\/strong><\/p>\n\n\n\n<p class=\"has-black-color has-text-color has-medium-font-size\">&#8211;&nbsp; prowadzenia kompleksowego doradztwa dla firm w<br>&nbsp;&nbsp; zakresie bhp<\/p>\n\n\n\n<p class=\"has-black-color has-text-color has-medium-font-size\">&#8211;&nbsp; prowadzenia post\u0119powania powypadkowego<\/p>\n\n\n\n<p class=\"has-black-color has-text-color has-medium-font-size\">&#8211;&nbsp; opracowywania analizy i oceny ryzyka zawodowego<\/p>\n\n\n\n<p class=\"has-black-color has-text-color has-medium-font-size\">&#8211;&nbsp; opracowywania dora\u017anych analiz i opinii z zakresu bhp<\/p>\n\n\n\n<p class=\"has-medium-font-size\"><\/p>\n\n\n\n<p class=\"has-text-align-center has-text-color has-medium-font-size\" style=\"color:#ab091c\"><strong>Zapewniamy:<\/strong><\/p>\n\n\n\n<p class=\"has-black-color has-text-color has-medium-font-size\">&#8211;&nbsp; wysoki poziom zaj\u0119\u0107 dydaktycznych<br><br>&#8211;&nbsp; organizacj\u0119 zaj\u0119\u0107 we w\u0142asnych pomieszczeniach&nbsp; dydaktycznych w centrum Torunia<br><br>&#8211;&nbsp; negocjacj\u0119 cen przy wi\u0119kszej liczbie zg\u0142oszonych uczestnik\u00f3w szkole\u0144<\/p>\n\n\n\n<p class=\"has-black-color has-text-color has-medium-font-size\">Szkolenia organizujemy sukcesywnie w miar\u0119 nap\u0142ywu zg\u0142osze\u0144.<br><br>Akceptujemy p\u0142atno\u015bci przelewem z terminem 14 &#8211; dniowym.<br><br>Szczeg\u00f3\u0142owe oferty przesy\u0142amy na pro\u015bb\u0119 zainteresowanych.<\/p>\n\n\n<header class=\"entry-header \">\n<h5>\u00a0<\/h5>\n<h5>\u00a0<\/h5>\n<\/header>\n<div class=\"entry-content\">\n<p>\u00a0<\/p>\n<\/div>","protected":false},"excerpt":{"rendered":"<p>ul. Rejtana 287-100 Toru\u0144tel.kom.&nbsp; 509 739 850tsps@edukacja.torun.com.pl organizujemy i prowadzimy szkolenia od 1998 roku, cieszymy si\u0119 dobr\u0105 opini\u0105 w\u015br\u00f3d zak\u0142ad\u00f3w pracy, gdzie takie szkolenia by\u0142y prowadzone. W ramach dzia\u0142alno\u015bci szkoleniowej wsp\u00f3lnie z Pa\u0144stwow\u0105 Inspekcj\u0105 Pracy w ostatnim okresie zorganizowali\u015bmy 5 konferencji dla pracownik\u00f3w s\u0142u\u017cb BHP, na kt\u00f3rych omawiana by\u0142a problematyka z zakresu bezpiecze\u0144stwa w \u015brodowisku [&hellip;]<\/p>\n","protected":false},"author":1,"featured_media":0,"parent":0,"menu_order":0,"comment_status":"closed","ping_status":"closed","template":"page-templates\/threecolumn.php","meta":{"footnotes":""},"class_list":["post-150","page","type-page","status-publish","hentry"],"_links":{"self":[{"href":"https:\/\/tsps.org.pl\/index.php?rest_route=\/wp\/v2\/pages\/150","targetHints":{"allow":["GET"]}}],"collection":[{"href":"https:\/\/tsps.org.pl\/index.php?rest_route=\/wp\/v2\/pages"}],"about":[{"href":"https:\/\/tsps.org.pl\/index.php?rest_route=\/wp\/v2\/types\/page"}],"author":[{"embeddable":true,"href":"https:\/\/tsps.org.pl\/index.php?rest_route=\/wp\/v2\/users\/1"}],"replies":[{"embeddable":true,"href":"https:\/\/tsps.org.pl\/index.php?rest_route=%2Fwp%2Fv2%2Fcomments&post=150"}],"version-history":[{"count":45,"href":"https:\/\/tsps.org.pl\/index.php?rest_route=\/wp\/v2\/pages\/150\/revisions"}],"predecessor-version":[{"id":565,"href":"https:\/\/tsps.org.pl\/index.php?rest_route=\/wp\/v2\/pages\/150\/revisions\/565"}],"wp:attachment":[{"href":"https:\/\/tsps.org.pl\/index.php?rest_route=%2Fwp%2Fv2%2Fmedia&parent=150"}],"curies":[{"name":"wp","href":"https:\/\/api.w.org\/{rel}","templated":true}]}}